{"id":82,"date":"2023-07-20T19:23:32","date_gmt":"2023-07-21T00:23:32","guid":{"rendered":"https:\/\/www.jmconsultores.com.co\/?page_id=82"},"modified":"2023-07-20T19:23:32","modified_gmt":"2023-07-21T00:23:32","slug":"nuestros-servicios","status":"publish","type":"page","link":"https:\/\/www.jmconsultores.com.co\/?page_id=82","title":{"rendered":"Nuestros servicios"},"content":{"rendered":"\n<ul class=\"wp-block-list\">\n<li>MEDICIONES AMBIENTALES<\/li>\n\n\n\n<li>CAPACITACIONES EN SST<\/li>\n\n\n\n<li>AUDITORIAS EN SISTEMAS DE GESTI\u00d3N<\/li>\n\n\n\n<li>ASESOR\u00cdAS Y CONSULTOR\u00cdAS EN SISTEMA DE GESTI\u00d3N DE SEGURIDAD Y SALUD EN EL TRABAJO, CALIDAD Y MEDIO AMBIENTE<\/li>\n\n\n\n<li>COMERCIALIZACI\u00d3N Y DISTRIBUCI\u00d3N DE ELEMENTOS DE PROTECCI\u00d3N PERSONAL Y CONTRA CA\u00cdDAS<\/li>\n\n\n\n<li>NUESTRO EQUIPO<\/li>\n<\/ul>\n","protected":false},"excerpt":{"rendered":"","protected":false},"author":1,"featured_media":0,"parent":0,"menu_order":0,"comment_status":"closed","ping_status":"closed","template":"","meta":{"footnotes":""},"class_list":["post-82","page","type-page","status-publish","hentry"],"_links":{"self":[{"href":"https:\/\/www.jmconsultores.com.co\/index.php?rest_route=\/wp\/v2\/pages\/82","targetHints":{"allow":["GET"]}}],"collection":[{"href":"https:\/\/www.jmconsultores.com.co\/index.php?rest_route=\/wp\/v2\/pages"}],"about":[{"href":"https:\/\/www.jmconsultores.com.co\/index.php?rest_route=\/wp\/v2\/types\/page"}],"author":[{"embeddable":true,"href":"https:\/\/www.jmconsultores.com.co\/index.php?rest_route=\/wp\/v2\/users\/1"}],"replies":[{"embeddable":true,"href":"https:\/\/www.jmconsultores.com.co\/index.php?rest_route=%2Fwp%2Fv2%2Fcomments&post=82"}],"version-history":[{"count":1,"href":"https:\/\/www.jmconsultores.com.co\/index.php?rest_route=\/wp\/v2\/pages\/82\/revisions"}],"predecessor-version":[{"id":83,"href":"https:\/\/www.jmconsultores.com.co\/index.php?rest_route=\/wp\/v2\/pages\/82\/revisions\/83"}],"wp:attachment":[{"href":"https:\/\/www.jmconsultores.com.co\/index.php?rest_route=%2Fwp%2Fv2%2Fmedia&parent=82"}],"curies":[{"name":"wp","href":"https:\/\/api.w.org\/{rel}","templated":true}]}}