{"id":8,"date":"2023-03-25T17:03:44","date_gmt":"2023-03-25T22:03:44","guid":{"rendered":"https:\/\/www.jmconsultores.com.co\/?page_id=8"},"modified":"2024-01-09T18:53:08","modified_gmt":"2024-01-09T23:53:08","slug":"my-account","status":"publish","type":"page","link":"https:\/\/www.jmconsultores.com.co\/","title":{"rendered":"Quienes somos"},"content":{"rendered":"\n<div class=\"wp-block-group is-vertical is-layout-flex wp-container-core-group-is-layout-8cf370e7 wp-block-group-is-layout-flex\">\n<div class=\"wp-block-columns is-layout-flex wp-container-core-columns-is-layout-9d6595d7 wp-block-columns-is-layout-flex\">\n<div class=\"wp-block-column is-layout-flow wp-block-column-is-layout-flow\" style=\"flex-basis:100%\">\n<div class=\"wp-block-group\"><div class=\"wp-block-group__inner-container is-layout-constrained wp-block-group-is-layout-constrained\">\n<div class=\"wp-block-media-text is-stacked-on-mobile\" style=\"grid-template-columns:18% auto\"><figure class=\"wp-block-media-text__media\"><img loading=\"lazy\" decoding=\"async\" width=\"251\" height=\"517\" src=\"https:\/\/www.jmconsultores.com.co\/wp-content\/uploads\/2023\/07\/ImagenQuienesSomos-1.png\" alt=\"\" class=\"wp-image-41 size-full\" srcset=\"https:\/\/www.jmconsultores.com.co\/wp-content\/uploads\/2023\/07\/ImagenQuienesSomos-1.png 251w, https:\/\/www.jmconsultores.com.co\/wp-content\/uploads\/2023\/07\/ImagenQuienesSomos-1-146x300.png 146w\" sizes=\"auto, (max-width: 251px) 100vw, 251px\" \/><\/figure><div class=\"wp-block-media-text__content\">\n<p class=\"has-text-align-left has-normal-font-size\" style=\"font-style:normal;font-weight:400\"><strong>JM CONSULTORES<\/strong> es una empresa dedicada al acompa\u00f1amiento delas organizaciones frente a los riesgos asociados al trabajo o la vida cotidiana.<\/p>\n\n\n\n<p class=\"has-text-align-left has-normal-font-size\" style=\"font-style:normal;font-weight:400\"><br>Brindamos a todas las empresas el servicio de asesor\u00eda, consultor\u00eda, implementaci\u00f3n, auditor\u00eda, mediciones  ambientales, capacitaciones en SST, continuidad del Sistema de Gesti\u00f3n en Seguridad y Salud en el Trabajo y comercializaci\u00f3n de elementos de protecci\u00f3n personal y contra ca\u00eddas, seg\u00fan el Decreto 1072 del 2015, Resoluci\u00f3n 0312 del 2019, RUC (registro \u00fanico de contratista). Ejecutando dise\u00f1o y desarrollo donde creamos estrategias de gesti\u00f3n en prevenci\u00f3n de riesgos, creando la cultura de seguridad y salud en el trabajo que impacte de manera positiva en todos los colaboradores y las partes interesadas de la empresa.<\/p>\n<\/div><\/div>\n<\/div><\/div>\n<\/div>\n<\/div>\n<\/div>\n","protected":false},"excerpt":{"rendered":"<p>JM CONSULTORES es una empresa dedicada al acompa\u00f1amiento delas organizaciones frente a los riesgos asociados al trabajo o la vida cotidiana. Brindamos a todas las empresas el servicio de asesor\u00eda, &#8230;<\/p>\n","protected":false},"author":1,"featured_media":0,"parent":0,"menu_order":2,"comment_status":"closed","ping_status":"closed","template":"","meta":{"footnotes":""},"class_list":["post-8","page","type-page","status-publish","hentry"],"_links":{"self":[{"href":"https:\/\/www.jmconsultores.com.co\/index.php?rest_route=\/wp\/v2\/pages\/8","targetHints":{"allow":["GET"]}}],"collection":[{"href":"https:\/\/www.jmconsultores.com.co\/index.php?rest_route=\/wp\/v2\/pages"}],"about":[{"href":"https:\/\/www.jmconsultores.com.co\/index.php?rest_route=\/wp\/v2\/types\/page"}],"author":[{"embeddable":true,"href":"https:\/\/www.jmconsultores.com.co\/index.php?rest_route=\/wp\/v2\/users\/1"}],"replies":[{"embeddable":true,"href":"https:\/\/www.jmconsultores.com.co\/index.php?rest_route=%2Fwp%2Fv2%2Fcomments&post=8"}],"version-history":[{"count":21,"href":"https:\/\/www.jmconsultores.com.co\/index.php?rest_route=\/wp\/v2\/pages\/8\/revisions"}],"predecessor-version":[{"id":108,"href":"https:\/\/www.jmconsultores.com.co\/index.php?rest_route=\/wp\/v2\/pages\/8\/revisions\/108"}],"wp:attachment":[{"href":"https:\/\/www.jmconsultores.com.co\/index.php?rest_route=%2Fwp%2Fv2%2Fmedia&parent=8"}],"curies":[{"name":"wp","href":"https:\/\/api.w.org\/{rel}","templated":true}]}}